{"id":3363,"date":"2023-02-22T09:35:53","date_gmt":"2023-02-22T08:35:53","guid":{"rendered":"http:\/\/ecole-ndtreminou-plomeur.fr\/?page_id=3363"},"modified":"2026-01-18T11:29:06","modified_gmt":"2026-01-18T10:29:06","slug":"les-infos-utiles","status":"publish","type":"page","link":"https:\/\/ecole-ndtreminou-plomeur.fr\/?page_id=3363","title":{"rendered":"Les infos utiles"},"content":{"rendered":"<p>[et_pb_section fb_built=\u00a0\u00bb1&Prime; fullwidth=\u00a0\u00bbon\u00a0\u00bb admin_label=\u00a0\u00bbHero\u00a0\u00bb _builder_version=\u00a0\u00bb4.20.0&Prime; use_background_color_gradient=\u00a0\u00bbon\u00a0\u00bb background_color_gradient_direction=\u00a0\u00bb90deg\u00a0\u00bb background_color_gradient_stops=\u00a0\u00bb#eeeff2 33%|rgba(238,239,242,0) 52%\u00a0\u00bb background_color_gradient_overlays_image=\u00a0\u00bbon\u00a0\u00bb background_color_gradient_start=\u00a0\u00bb#eeeff2&Prime; background_color_gradient_start_position=\u00a0\u00bb33%\u00a0\u00bb background_color_gradient_end=\u00a0\u00bbrgba(238,239,242,0)\u00a0\u00bb background_color_gradient_end_position=\u00a0\u00bb52%\u00a0\u00bb background_image=\u00a0\u00bbhttp:\/\/ecole-ndtreminou-plomeur.fr\/wp-content\/uploads\/2023\/05\/IMG_20230516_134311-scaled.jpg\u00a0\u00bb global_colors_info=\u00a0\u00bb{}\u00a0\u00bb][et_pb_fullwidth_header subhead=\u00a0\u00bbLes infos utiles\u00a0\u00bb content_max_width=\u00a0\u00bb600px\u00a0\u00bb _builder_version=\u00a0\u00bb4.20.0&Prime; title_level=\u00a0\u00bbh2&Prime; title_font=\u00a0\u00bbAdvent Pro|700||on|||||\u00a0\u00bb title_text_color=\u00a0\u00bb#ff7355&Prime; title_font_size=\u00a0\u00bb16px\u00a0\u00bb title_letter_spacing=\u00a0\u00bb5px\u00a0\u00bb title_line_height=\u00a0\u00bb0.5em\u00a0\u00bb content_font=\u00a0\u00bbRubik||||||||\u00a0\u00bb content_font_size=\u00a0\u00bb18px\u00a0\u00bb subhead_font=\u00a0\u00bbAdvent Pro||||||||\u00a0\u00bb subhead_text_color=\u00a0\u00bb#0C71C3&Prime; subhead_font_size=\u00a0\u00bb50px\u00a0\u00bb subhead_line_height=\u00a0\u00bb1.5em\u00a0\u00bb background_color=\u00a0\u00bbrgba(255,255,255,0)\u00a0\u00bb use_background_color_gradient=\u00a0\u00bbon\u00a0\u00bb background_color_gradient_stops=\u00a0\u00bbrgba(255,255,255,0) 50%|rgba(255,255,255,0.7) 100%\u00a0\u00bb background_color_gradient_start=\u00a0\u00bbrgba(255,255,255,0)\u00a0\u00bb background_color_gradient_start_position=\u00a0\u00bb50%\u00a0\u00bb background_color_gradient_end=\u00a0\u00bbrgba(255,255,255,0.7)\u00a0\u00bb background_size=\u00a0\u00bbcontain\u00a0\u00bb background_position=\u00a0\u00bbbottom_center\u00a0\u00bb custom_button_one=\u00a0\u00bbon\u00a0\u00bb button_one_text_size=\u00a0\u00bb16px\u00a0\u00bb button_one_text_color=\u00a0\u00bb#ffffff\u00a0\u00bb button_one_bg_color=\u00a0\u00bb#ff7355&Prime; button_one_border_width=\u00a0\u00bb15px\u00a0\u00bb button_one_border_color=\u00a0\u00bbrgba(210,159,104,0)\u00a0\u00bb button_one_border_radius=\u00a0\u00bb100px\u00a0\u00bb button_one_letter_spacing=\u00a0\u00bb0px\u00a0\u00bb button_one_font=\u00a0\u00bbRubik|700|||||||\u00a0\u00bb button_one_use_icon=\u00a0\u00bboff\u00a0\u00bb custom_button_two=\u00a0\u00bbon\u00a0\u00bb button_two_text_size=\u00a0\u00bb16px\u00a0\u00bb button_two_text_color=\u00a0\u00bb#ffffff\u00a0\u00bb button_two_bg_color=\u00a0\u00bbrgba(0,0,0,0.6)\u00a0\u00bb button_two_border_width=\u00a0\u00bb15px\u00a0\u00bb button_two_border_color=\u00a0\u00bbrgba(210,159,104,0)\u00a0\u00bb button_two_border_radius=\u00a0\u00bb100px\u00a0\u00bb button_two_letter_spacing=\u00a0\u00bb0px\u00a0\u00bb button_two_font=\u00a0\u00bbRubik|700|||||||\u00a0\u00bb button_two_use_icon=\u00a0\u00bboff\u00a0\u00bb background_layout=\u00a0\u00bblight\u00a0\u00bb max_width_last_edited=\u00a0\u00bboff|desktop\u00a0\u00bb module_alignment=\u00a0\u00bbcenter\u00a0\u00bb custom_margin=\u00a0\u00bb|||\u00a0\u00bb custom_padding=\u00a0\u00bb8vw||4vw|\u00a0\u00bb subhead_font_size_tablet=\u00a0\u00bb\u00a0\u00bb subhead_font_size_phone=\u00a0\u00bb30px\u00a0\u00bb subhead_font_size_last_edited=\u00a0\u00bbon|phone\u00a0\u00bb button_one_border_radius_hover=\u00a0\u00bb100px\u00a0\u00bb button_two_border_radius_hover=\u00a0\u00bb100px\u00a0\u00bb button_one_bg_color_hover=\u00a0\u00bb#ff8a70&Prime; button_two_bg_color_hover=\u00a0\u00bb#ff8a70&Prime; global_colors_info=\u00a0\u00bb{}\u00a0\u00bb button_one_text_size__hover_enabled=\u00a0\u00bboff\u00a0\u00bb button_two_text_size__hover_enabled=\u00a0\u00bboff\u00a0\u00bb button_one_text_color__hover_enabled=\u00a0\u00bboff\u00a0\u00bb button_two_text_color__hover_enabled=\u00a0\u00bboff\u00a0\u00bb button_one_border_width__hover_enabled=\u00a0\u00bboff\u00a0\u00bb button_two_border_width__hover_enabled=\u00a0\u00bboff\u00a0\u00bb button_one_border_color__hover_enabled=\u00a0\u00bboff\u00a0\u00bb button_two_border_color__hover_enabled=\u00a0\u00bboff\u00a0\u00bb button_one_border_radius__hover_enabled=\u00a0\u00bbon\u00a0\u00bb button_one_border_radius__hover=\u00a0\u00bb100px\u00a0\u00bb button_two_border_radius__hover_enabled=\u00a0\u00bbon\u00a0\u00bb button_two_border_radius__hover=\u00a0\u00bb100px\u00a0\u00bb button_one_letter_spacing__hover_enabled=\u00a0\u00bboff\u00a0\u00bb button_two_letter_spacing__hover_enabled=\u00a0\u00bboff\u00a0\u00bb button_one_bg_color__hover_enabled=\u00a0\u00bbon\u00a0\u00bb button_one_bg_color__hover=\u00a0\u00bb#ff8a70&Prime; button_two_bg_color__hover_enabled=\u00a0\u00bbon\u00a0\u00bb button_two_bg_color__hover=\u00a0\u00bb#ff8a70&Prime;][\/et_pb_fullwidth_header][\/et_pb_section][et_pb_section fb_built=\u00a0\u00bb1&Prime; admin_label=\u00a0\u00bbStaff\u00a0\u00bb _builder_version=\u00a0\u00bb4.16&Prime; custom_padding=\u00a0\u00bb|||\u00a0\u00bb global_colors_info=\u00a0\u00bb{}\u00a0\u00bb][et_pb_row _builder_version=\u00a0\u00bb4.20.0&Prime; _module_preset=\u00a0\u00bbdefault\u00a0\u00bb global_colors_info=\u00a0\u00bb{}\u00a0\u00bb][et_pb_column type=\u00a0\u00bb4_4&Prime; _builder_version=\u00a0\u00bb4.20.0&Prime; _module_preset=\u00a0\u00bbdefault\u00a0\u00bb global_colors_info=\u00a0\u00bb{}\u00a0\u00bb][et_pb_text _builder_version=\u00a0\u00bb4.20.0&Prime; _module_preset=\u00a0\u00bbdefault\u00a0\u00bb text_font_size=\u00a0\u00bb16px\u00a0\u00bb header_font_size=\u00a0\u00bb32px\u00a0\u00bb header_2_font=\u00a0\u00bbAdvent Pro||||||||\u00a0\u00bb header_2_text_color=\u00a0\u00bb#ef2181&Prime; header_2_font_size=\u00a0\u00bb40px\u00a0\u00bb global_colors_info=\u00a0\u00bb{}\u00a0\u00bb]<\/p>\n<h2 style=\"text-align: center;\">Les Horaires<\/h2>\n<p style=\"text-align: center;\">Nous fonctionnons sur la semaine \u00e0 4 jours: lundi, mardi, jeudi, vendredi.<\/p>\n<p style=\"text-align: center;\">8h45-12h00<\/p>\n<p style=\"text-align: center;\">13h30-16h30<\/p>\n<p style=\"text-align: center;\">Les \u00e9l\u00e8ves sont accueillis \u00e0 partir de 8h35 dans les classes le matin et \u00e0 partir de 13h20 dans la cour pour l&rsquo;apr\u00e8s-midi.<\/p>\n<p>[\/et_pb_text][et_pb_text _builder_version=\u00a0\u00bb4.21.0&Prime; _module_preset=\u00a0\u00bbdefault\u00a0\u00bb text_font_size=\u00a0\u00bb16px\u00a0\u00bb header_font_size=\u00a0\u00bb32px\u00a0\u00bb header_2_font=\u00a0\u00bbAdvent Pro||||||||\u00a0\u00bb header_2_text_color=\u00a0\u00bb#ef2181&Prime; header_2_font_size=\u00a0\u00bb40px\u00a0\u00bb custom_padding=\u00a0\u00bb||0px|||\u00a0\u00bb global_colors_info=\u00a0\u00bb{}\u00a0\u00bb]<\/p>\n<h2 style=\"text-align: center;\">La Garderie<\/h2>\n<p>Une garderie payante est assur\u00e9e \u00e0 l&rsquo;\u00e9cole le matin \u00e0 partir de <strong>07h15<\/strong> et le soir jusqu&rsquo;\u00e0 <strong>18h30<\/strong>.<\/p>\n<p>Merci de respecter scrupuleusement ces horaires sous peine de p\u00e9nalit\u00e9s.<\/p>\n<p>Le matin, vos enfants doivent <strong><u>\u00eatre accompagn\u00e9s jusqu\u2019\u00e0 la garderie<\/u><\/strong> \u00a0pour \u00eatre confi\u00e9s \u00e0 la responsable de la surveillance.<\/p>\n<p>La garderie est assur\u00e9e par Anne LAGADIC et Nolwenn KERADENNEC<\/p>\n<p><strong><u>TARIFS\u00a0:<\/u><\/strong><\/p>\n<p><u>7h15-8h35<\/u> : 1,10 euros par enfant<\/p>\n<p><u>16h45-17h30<\/u>\u00a0: 1,40 euros par enfant (go\u00fbter compris)<\/p>\n<p><u>16H45-18h30<\/u>:\u00a0 2,30 euros par enfant<\/p>\n<p>[\/et_pb_text][et_pb_text _builder_version=\u00a0\u00bb4.20.0&Prime; _module_preset=\u00a0\u00bbdefault\u00a0\u00bb text_font_size=\u00a0\u00bb16px\u00a0\u00bb header_font_size=\u00a0\u00bb32px\u00a0\u00bb header_2_font=\u00a0\u00bbAdvent Pro||||||||\u00a0\u00bb header_2_text_color=\u00a0\u00bb#ef2181&Prime; header_2_font_size=\u00a0\u00bb40px\u00a0\u00bb global_colors_info=\u00a0\u00bb{}\u00a0\u00bb]<\/p>\n<h2 style=\"text-align: center;\">La Contribution<\/h2>\n<p style=\"text-align: center;\">La contribution des familles est de 31 euros par mois et par enfant pendant 10 mois (assurance comprise). 1\/2 tarif pour le troisi\u00e8me enfant.<\/p>\n<p>[\/et_pb_text][et_pb_text _builder_version=\u00a0\u00bb4.20.0&Prime; _module_preset=\u00a0\u00bbdefault\u00a0\u00bb text_font_size=\u00a0\u00bb16px\u00a0\u00bb header_font_size=\u00a0\u00bb32px\u00a0\u00bb header_2_font=\u00a0\u00bbAdvent Pro||||||||\u00a0\u00bb header_2_text_color=\u00a0\u00bb#ef2181&Prime; header_2_font_size=\u00a0\u00bb40px\u00a0\u00bb global_colors_info=\u00a0\u00bb{}\u00a0\u00bb]<\/p>\n<h2 style=\"text-align: center;\">Le restaurant scolaire<\/h2>\n<p style=\"text-align: center;\">Les \u00e9l\u00e8ves de la maternelle au CM2 mangent au restaurant scolaire municipal.<\/p>\n<p style=\"text-align: center;\">Vous pouvez contacter la mairie pour les tarifs.<\/p>\n<p style=\"text-align: center;\">Les repas sont confectionn\u00e9s sur place.<br \/>Les menus sont \u00e9labor\u00e9s par la cheffe de cuisine, sous couvert d\u2019une nutritionniste.<\/p>\n<p style=\"text-align: center;\">\n<p>[\/et_pb_text][et_pb_text _builder_version=\u00a0\u00bb4.20.0&Prime; _module_preset=\u00a0\u00bbdefault\u00a0\u00bb text_font_size=\u00a0\u00bb16px\u00a0\u00bb header_font_size=\u00a0\u00bb32px\u00a0\u00bb header_2_font=\u00a0\u00bbAdvent Pro||||||||\u00a0\u00bb header_2_text_color=\u00a0\u00bb#ef2181&Prime; header_2_font_size=\u00a0\u00bb40px\u00a0\u00bb global_colors_info=\u00a0\u00bb{}\u00a0\u00bb]<\/p>\n<h2 style=\"text-align: center;\"><\/h2>\n<h2 style=\"text-align: center;\">Pour inscrire votre enfant \u00e0 l&rsquo;\u00e9cole<\/h2>\n<p style=\"text-align: center;\">Vous souhaitez inscrire votre enfant ou avoir des renseignements sur notre \u00e9tablissement? Rien de plus simple, il suffit d&rsquo;une rencontre.<\/p>\n<p style=\"text-align: center;\">Pour prendre rendez-vous, vous pouvez nous contacter via le formulaire de contact disponible sur le site ou nous appeler au<\/p>\n<p style=\"text-align: center;\"><strong>07 69 61 32 24\u00a0<\/strong>ou au <strong>02 98 82 04 69<\/strong>.<\/p>\n<p style=\"text-align: center;\">\n<p>[\/et_pb_text][\/et_pb_column][\/et_pb_row][\/et_pb_section]<\/p>\n","protected":false},"excerpt":{"rendered":"<p>Les Horaires Nous fonctionnons sur la semaine \u00e0 4 jours: lundi, mardi, jeudi, vendredi. 8h45-12h00 13h30-16h30 Les \u00e9l\u00e8ves sont accueillis \u00e0 partir de 8h35 dans les classes le matin et \u00e0 partir de 13h20 dans la cour pour l&rsquo;apr\u00e8s-midi.La Garderie Une garderie payante est assur\u00e9e \u00e0 l&rsquo;\u00e9cole le matin \u00e0 partir de 07h15 et le [&hellip;]<\/p>\n","protected":false},"author":1,"featured_media":0,"parent":0,"menu_order":0,"comment_status":"closed","ping_status":"closed","template":"","meta":{"_et_pb_use_builder":"on","_et_pb_old_content":"","_et_gb_content_width":"","footnotes":""},"class_list":["post-3363","page","type-page","status-publish","hentry"],"_links":{"self":[{"href":"https:\/\/ecole-ndtreminou-plomeur.fr\/index.php?rest_route=\/wp\/v2\/pages\/3363","targetHints":{"allow":["GET"]}}],"collection":[{"href":"https:\/\/ecole-ndtreminou-plomeur.fr\/index.php?rest_route=\/wp\/v2\/pages"}],"about":[{"href":"https:\/\/ecole-ndtreminou-plomeur.fr\/index.php?rest_route=\/wp\/v2\/types\/page"}],"author":[{"embeddable":true,"href":"https:\/\/ecole-ndtreminou-plomeur.fr\/index.php?rest_route=\/wp\/v2\/users\/1"}],"replies":[{"embeddable":true,"href":"https:\/\/ecole-ndtreminou-plomeur.fr\/index.php?rest_route=%2Fwp%2Fv2%2Fcomments&post=3363"}],"version-history":[{"count":26,"href":"https:\/\/ecole-ndtreminou-plomeur.fr\/index.php?rest_route=\/wp\/v2\/pages\/3363\/revisions"}],"predecessor-version":[{"id":3868,"href":"https:\/\/ecole-ndtreminou-plomeur.fr\/index.php?rest_route=\/wp\/v2\/pages\/3363\/revisions\/3868"}],"wp:attachment":[{"href":"https:\/\/ecole-ndtreminou-plomeur.fr\/index.php?rest_route=%2Fwp%2Fv2%2Fmedia&parent=3363"}],"curies":[{"name":"wp","href":"https:\/\/api.w.org\/{rel}","templated":true}]}}