{"id":3350,"date":"2023-02-21T09:46:49","date_gmt":"2023-02-21T08:46:49","guid":{"rendered":"http:\/\/ecole-ndtreminou-plomeur.fr\/?page_id=3350"},"modified":"2026-03-04T19:19:16","modified_gmt":"2026-03-04T18:19:16","slug":"les-projets","status":"publish","type":"page","link":"https:\/\/ecole-ndtreminou-plomeur.fr\/?page_id=3350","title":{"rendered":"Les projets"},"content":{"rendered":"<p>[et_pb_section fb_built=\u00a0\u00bb1&Prime; fullwidth=\u00a0\u00bbon\u00a0\u00bb admin_label=\u00a0\u00bbHero\u00a0\u00bb _builder_version=\u00a0\u00bb4.20.0&Prime; use_background_color_gradient=\u00a0\u00bbon\u00a0\u00bb background_color_gradient_direction=\u00a0\u00bb90deg\u00a0\u00bb background_color_gradient_stops=\u00a0\u00bb#eeeff2 33%|rgba(238,239,242,0) 52%\u00a0\u00bb background_color_gradient_overlays_image=\u00a0\u00bbon\u00a0\u00bb background_color_gradient_start=\u00a0\u00bb#eeeff2&Prime; background_color_gradient_start_position=\u00a0\u00bb33%\u00a0\u00bb background_color_gradient_end=\u00a0\u00bbrgba(238,239,242,0)\u00a0\u00bb background_color_gradient_end_position=\u00a0\u00bb52%\u00a0\u00bb background_image=\u00a0\u00bbhttp:\/\/ecole-ndtreminou-plomeur.fr\/wp-content\/uploads\/2023\/05\/IMG_20230516_134311-scaled.jpg\u00a0\u00bb global_colors_info=\u00a0\u00bb{}\u00a0\u00bb][et_pb_fullwidth_header subhead=\u00a0\u00bbLes projets\u00a0\u00bb content_max_width=\u00a0\u00bb600px\u00a0\u00bb _builder_version=\u00a0\u00bb4.20.0&Prime; title_level=\u00a0\u00bbh2&Prime; title_font=\u00a0\u00bbAdvent Pro|700||on|||||\u00a0\u00bb title_text_color=\u00a0\u00bb#ff7355&Prime; title_font_size=\u00a0\u00bb16px\u00a0\u00bb title_letter_spacing=\u00a0\u00bb5px\u00a0\u00bb title_line_height=\u00a0\u00bb0.5em\u00a0\u00bb content_font=\u00a0\u00bbRubik||||||||\u00a0\u00bb content_font_size=\u00a0\u00bb18px\u00a0\u00bb subhead_font=\u00a0\u00bbAdvent Pro||||||||\u00a0\u00bb subhead_text_color=\u00a0\u00bb#0C71C3&Prime; subhead_font_size=\u00a0\u00bb50px\u00a0\u00bb subhead_line_height=\u00a0\u00bb1.5em\u00a0\u00bb background_color=\u00a0\u00bbrgba(255,255,255,0)\u00a0\u00bb use_background_color_gradient=\u00a0\u00bbon\u00a0\u00bb background_color_gradient_stops=\u00a0\u00bbrgba(255,255,255,0) 50%|rgba(255,255,255,0.7) 100%\u00a0\u00bb background_color_gradient_start=\u00a0\u00bbrgba(255,255,255,0)\u00a0\u00bb background_color_gradient_start_position=\u00a0\u00bb50%\u00a0\u00bb background_color_gradient_end=\u00a0\u00bbrgba(255,255,255,0.7)\u00a0\u00bb background_size=\u00a0\u00bbcontain\u00a0\u00bb background_position=\u00a0\u00bbbottom_center\u00a0\u00bb custom_button_one=\u00a0\u00bbon\u00a0\u00bb button_one_text_size=\u00a0\u00bb16px\u00a0\u00bb button_one_text_color=\u00a0\u00bb#ffffff\u00a0\u00bb button_one_bg_color=\u00a0\u00bb#ff7355&Prime; button_one_border_width=\u00a0\u00bb15px\u00a0\u00bb button_one_border_color=\u00a0\u00bbrgba(210,159,104,0)\u00a0\u00bb button_one_border_radius=\u00a0\u00bb100px\u00a0\u00bb button_one_letter_spacing=\u00a0\u00bb0px\u00a0\u00bb button_one_font=\u00a0\u00bbRubik|700|||||||\u00a0\u00bb button_one_use_icon=\u00a0\u00bboff\u00a0\u00bb custom_button_two=\u00a0\u00bbon\u00a0\u00bb button_two_text_size=\u00a0\u00bb16px\u00a0\u00bb button_two_text_color=\u00a0\u00bb#ffffff\u00a0\u00bb button_two_bg_color=\u00a0\u00bbrgba(0,0,0,0.6)\u00a0\u00bb button_two_border_width=\u00a0\u00bb15px\u00a0\u00bb button_two_border_color=\u00a0\u00bbrgba(210,159,104,0)\u00a0\u00bb button_two_border_radius=\u00a0\u00bb100px\u00a0\u00bb button_two_letter_spacing=\u00a0\u00bb0px\u00a0\u00bb button_two_font=\u00a0\u00bbRubik|700|||||||\u00a0\u00bb button_two_use_icon=\u00a0\u00bboff\u00a0\u00bb background_layout=\u00a0\u00bblight\u00a0\u00bb max_width_last_edited=\u00a0\u00bboff|desktop\u00a0\u00bb module_alignment=\u00a0\u00bbcenter\u00a0\u00bb custom_margin=\u00a0\u00bb|||\u00a0\u00bb custom_padding=\u00a0\u00bb8vw||4vw|\u00a0\u00bb subhead_font_size_tablet=\u00a0\u00bb\u00a0\u00bb subhead_font_size_phone=\u00a0\u00bb30px\u00a0\u00bb subhead_font_size_last_edited=\u00a0\u00bbon|phone\u00a0\u00bb button_one_border_radius_hover=\u00a0\u00bb100px\u00a0\u00bb button_two_border_radius_hover=\u00a0\u00bb100px\u00a0\u00bb button_one_bg_color_hover=\u00a0\u00bb#ff8a70&Prime; button_two_bg_color_hover=\u00a0\u00bb#ff8a70&Prime; global_colors_info=\u00a0\u00bb{}\u00a0\u00bb button_one_text_size__hover_enabled=\u00a0\u00bboff\u00a0\u00bb button_two_text_size__hover_enabled=\u00a0\u00bboff\u00a0\u00bb button_one_text_color__hover_enabled=\u00a0\u00bboff\u00a0\u00bb button_two_text_color__hover_enabled=\u00a0\u00bboff\u00a0\u00bb button_one_border_width__hover_enabled=\u00a0\u00bboff\u00a0\u00bb button_two_border_width__hover_enabled=\u00a0\u00bboff\u00a0\u00bb button_one_border_color__hover_enabled=\u00a0\u00bboff\u00a0\u00bb button_two_border_color__hover_enabled=\u00a0\u00bboff\u00a0\u00bb button_one_border_radius__hover_enabled=\u00a0\u00bbon\u00a0\u00bb button_one_border_radius__hover=\u00a0\u00bb100px\u00a0\u00bb button_two_border_radius__hover_enabled=\u00a0\u00bbon\u00a0\u00bb button_two_border_radius__hover=\u00a0\u00bb100px\u00a0\u00bb button_one_letter_spacing__hover_enabled=\u00a0\u00bboff\u00a0\u00bb button_two_letter_spacing__hover_enabled=\u00a0\u00bboff\u00a0\u00bb button_one_bg_color__hover_enabled=\u00a0\u00bbon\u00a0\u00bb button_one_bg_color__hover=\u00a0\u00bb#ff8a70&Prime; button_two_bg_color__hover_enabled=\u00a0\u00bbon\u00a0\u00bb button_two_bg_color__hover=\u00a0\u00bb#ff8a70&Prime;][\/et_pb_fullwidth_header][\/et_pb_section][et_pb_section fb_built=\u00a0\u00bb1&Prime; admin_label=\u00a0\u00bbStaff\u00a0\u00bb _builder_version=\u00a0\u00bb4.21.0&Prime; custom_padding=\u00a0\u00bb|||\u00a0\u00bb hover_enabled=\u00a0\u00bb0&Prime; global_colors_info=\u00a0\u00bb{}\u00a0\u00bb sticky_enabled=\u00a0\u00bb0&Prime;][et_pb_row admin_label=\u00a0\u00bbTitle Row\u00a0\u00bb _builder_version=\u00a0\u00bb4.21.0&Prime; hover_enabled=\u00a0\u00bb0&Prime; global_colors_info=\u00a0\u00bb{}\u00a0\u00bb sticky_enabled=\u00a0\u00bb0&Prime;][et_pb_column type=\u00a0\u00bb4_4&Prime; _builder_version=\u00a0\u00bb4.16&Prime; custom_padding=\u00a0\u00bb|||\u00a0\u00bb global_colors_info=\u00a0\u00bb{}\u00a0\u00bb custom_padding__hover=\u00a0\u00bb|||\u00a0\u00bb][et_pb_text _builder_version=\u00a0\u00bb4.21.0&Prime; text_font=\u00a0\u00bbRubik|500|||||||\u00a0\u00bb text_font_size=\u00a0\u00bb16px\u00a0\u00bb text_line_height=\u00a0\u00bb2em\u00a0\u00bb header_font=\u00a0\u00bbAdvent Pro||||||||\u00a0\u00bb header_2_font=\u00a0\u00bbAdvent Pro||||||||\u00a0\u00bb header_2_text_color=\u00a0\u00bb#ef2181&Prime; header_2_font_size=\u00a0\u00bb40px\u00a0\u00bb header_2_line_height=\u00a0\u00bb1.4em\u00a0\u00bb header_5_font=\u00a0\u00bbRubik|700||on|||||\u00a0\u00bb header_5_text_color=\u00a0\u00bb#2b76df\u00a0\u00bb header_5_letter_spacing=\u00a0\u00bb5px\u00a0\u00bb header_5_line_height=\u00a0\u00bb1.5em\u00a0\u00bb text_orientation=\u00a0\u00bbcenter\u00a0\u00bb max_width=\u00a0\u00bb600px\u00a0\u00bb module_alignment=\u00a0\u00bbcenter\u00a0\u00bb custom_margin=\u00a0\u00bb6px|||||\u00a0\u00bb custom_padding=\u00a0\u00bb0px|||||\u00a0\u00bb hover_enabled=\u00a0\u00bb0&Prime; text_line_height_last_edited=\u00a0\u00bboff|desktop\u00a0\u00bb global_colors_info=\u00a0\u00bb{}\u00a0\u00bb sticky_enabled=\u00a0\u00bb0&Prime;]<\/p>\n<h2>Notre projet d&rsquo;\u00e9cole<br \/><img loading=\"lazy\" decoding=\"async\" src=\"http:\/\/ecole-ndtreminou-plomeur.fr\/wp-content\/uploads\/2026\/03\/Carte-mentale-Projet-decole-2026-2030-300x200.png\" width=\"434\" height=\"289\" alt=\"\" class=\"wp-image-3930 alignnone size-medium\" \/><\/h2>\n<p>&nbsp;<\/p>\n<p>[\/et_pb_text][et_pb_text _builder_version=\u00a0\u00bb4.21.0&Prime; text_font=\u00a0\u00bbRubik|500|||||||\u00a0\u00bb text_font_size=\u00a0\u00bb16px\u00a0\u00bb text_line_height=\u00a0\u00bb2em\u00a0\u00bb header_font=\u00a0\u00bbAdvent Pro||||||||\u00a0\u00bb header_2_font=\u00a0\u00bbAdvent Pro||||||||\u00a0\u00bb header_2_text_color=\u00a0\u00bb#ef2181&Prime; header_2_font_size=\u00a0\u00bb40px\u00a0\u00bb header_2_line_height=\u00a0\u00bb1.4em\u00a0\u00bb header_5_font=\u00a0\u00bbRubik|700||on|||||\u00a0\u00bb header_5_text_color=\u00a0\u00bb#2b76df\u00a0\u00bb header_5_letter_spacing=\u00a0\u00bb5px\u00a0\u00bb header_5_line_height=\u00a0\u00bb1.5em\u00a0\u00bb text_orientation=\u00a0\u00bbcenter\u00a0\u00bb max_width=\u00a0\u00bb600px\u00a0\u00bb module_alignment=\u00a0\u00bbcenter\u00a0\u00bb custom_margin=\u00a0\u00bb6px|||||\u00a0\u00bb custom_padding=\u00a0\u00bb0px|||||\u00a0\u00bb hover_enabled=\u00a0\u00bb0&Prime; text_line_height_last_edited=\u00a0\u00bboff|desktop\u00a0\u00bb global_colors_info=\u00a0\u00bb{}\u00a0\u00bb sticky_enabled=\u00a0\u00bb0&Prime;]<\/p>\n<h2>Les 100 ans de l&rsquo;\u00e9cole<\/h2>\n<h5><\/h5>\n<p>En 2023, l&rsquo;\u00e9cole a f\u00eat\u00e9 ses 100 ans.\u00a0<\/p>\n<p>A cette occasion, une grande f\u00eate \u00e9tait organis\u00e9e par l&rsquo;Apel et l&rsquo;Ogec<\/p>\n<p><strong><span style=\"text-decoration: underline;\">le dimanche 11 juin 2023 \u00e0 partir de 10h30.<\/span><\/strong><\/p>\n<p>Apr\u00e8s les discours officiels, une messe \u00e9tait prononc\u00e9e au sein de l&rsquo;\u00e9cole ainsi que la b\u00e9n\u00e9diction des classes maternelles et de la garderie enti\u00e8rement refaites en 2019.<\/p>\n<p>&nbsp;<\/p>\n<p>Diff\u00e9rentes animations et moments de convivialit\u00e9 ont eu lieu tout au long de cette journ\u00e9e: exposition photo, classe \u00e0 l&rsquo;ancienne et sa dict\u00e9e, p\u00eache \u00e0 la ligne, maquillage pour enfants&#8230;<\/p>\n<p>[\/et_pb_text][et_pb_text _builder_version=\u00a0\u00bb4.20.0&Prime; text_font=\u00a0\u00bbRubik|500|||||||\u00a0\u00bb text_font_size=\u00a0\u00bb16px\u00a0\u00bb text_line_height=\u00a0\u00bb2em\u00a0\u00bb header_font=\u00a0\u00bbAdvent Pro||||||||\u00a0\u00bb header_2_font=\u00a0\u00bbAdvent Pro||||||||\u00a0\u00bb header_2_text_color=\u00a0\u00bb#ef2181&Prime; header_2_font_size=\u00a0\u00bb40px\u00a0\u00bb header_2_line_height=\u00a0\u00bb1.4em\u00a0\u00bb header_5_font=\u00a0\u00bbRubik|700||on|||||\u00a0\u00bb header_5_text_color=\u00a0\u00bb#2b76df\u00a0\u00bb header_5_letter_spacing=\u00a0\u00bb5px\u00a0\u00bb header_5_line_height=\u00a0\u00bb1.5em\u00a0\u00bb text_orientation=\u00a0\u00bbcenter\u00a0\u00bb max_width=\u00a0\u00bb600px\u00a0\u00bb module_alignment=\u00a0\u00bbcenter\u00a0\u00bb text_line_height_last_edited=\u00a0\u00bboff|desktop\u00a0\u00bb global_colors_info=\u00a0\u00bb{}\u00a0\u00bb]<\/p>\n<h2>\u00a0La com\u00e9die musicale<\/h2>\n<h5><\/h5>\n<p>Toutes les classes de la TPS au CM2 travaillent \u00e0 la cr\u00e9ation d&rsquo;un spectacle alliant th\u00e9\u00e2tre, chant et danse. Le texte est \u00e9crit et adapt\u00e9 pour \u00e9voquer les 100 ans de l&rsquo;\u00e9cole. Il faudra penser aux cr\u00e9ations de d\u00e9cors, de costumes et de lumi\u00e8res. C&rsquo;est un sacr\u00e9 challenge que tous ont \u00e0 relever!<\/p>\n<p>Pour nous aider dans ce projet ambitieux, nous avons sollicit\u00e9 l&rsquo;aide de deux intervenantes ext\u00e9rieures: Elisabeth Gouriou (professeur de th\u00e9\u00e2tre) et C\u00e9cilia Ferrario (chor\u00e9graphe).<\/p>\n<p>20 heures de th\u00e9\u00e2tre et 14 heures de danse sont dispens\u00e9es aux enfants.<\/p>\n<p>Le spectacle aura lieu le <span style=\"text-decoration: underline;\"><strong>vendredi 23 juin au Triskell \u00e0 20h00<\/strong><\/span> !<\/p>\n<p>[\/et_pb_text][et_pb_text _builder_version=\u00a0\u00bb4.20.0&Prime; text_font=\u00a0\u00bbRubik|500|||||||\u00a0\u00bb text_font_size=\u00a0\u00bb16px\u00a0\u00bb text_line_height=\u00a0\u00bb2em\u00a0\u00bb header_font=\u00a0\u00bbAdvent Pro||||||||\u00a0\u00bb header_2_font=\u00a0\u00bbAdvent Pro||||||||\u00a0\u00bb header_2_text_color=\u00a0\u00bb#ef2181&Prime; header_2_font_size=\u00a0\u00bb40px\u00a0\u00bb header_2_line_height=\u00a0\u00bb1.4em\u00a0\u00bb header_5_font=\u00a0\u00bbRubik|700||on|||||\u00a0\u00bb header_5_text_color=\u00a0\u00bb#2b76df\u00a0\u00bb header_5_letter_spacing=\u00a0\u00bb5px\u00a0\u00bb header_5_line_height=\u00a0\u00bb1.5em\u00a0\u00bb text_orientation=\u00a0\u00bbcenter\u00a0\u00bb max_width=\u00a0\u00bb600px\u00a0\u00bb module_alignment=\u00a0\u00bbcenter\u00a0\u00bb text_line_height_last_edited=\u00a0\u00bboff|desktop\u00a0\u00bb global_colors_info=\u00a0\u00bb{}\u00a0\u00bb]<\/p>\n<h2><\/h2>\n<h2>\u00a0La pastorale<\/h2>\n<h5><\/h5>\n<p>Notre \u00e9tablissement propose au choix des \u00e9l\u00e8ves de CE2, CM1 et CM2 la cat\u00e9ch\u00e8se ou la culture religieuse.<\/p>\n<p>La <strong><span style=\"text-decoration: underline;\">cat\u00e9ch\u00e8se<\/span> <\/strong>est un enseignement religieux destin\u00e9 \u00e0 aider les enfants \u00e0 mieux comprendre et vivre leur Foi chr\u00e9tienne. Elle accompagne les enfants dans leur cheminement spirituel, en leur fournissant des connaissances, des valeurs et des pratiques qui les aident \u00e0 grandir en tant que chr\u00e9tiens. Les enfants qui s&rsquo;inscrivent \u00e0 la cat\u00e9ch\u00e8se peuvent se pr\u00e9parer aux sacrements s&rsquo;ils le souhaitent. En CM1, les enfants pourront demander \u00e0 pr\u00e9parer leur 1\u00e8re communion. Ceux non baptis\u00e9s demander le bapt\u00eame en paroisse.<\/p>\n<p>Elle est anim\u00e9e par des cat\u00e9chistes.<\/p>\n<p>La <strong><span style=\"text-decoration: underline;\">culture religieuse<\/span><\/strong> peut \u00eatre expliqu\u00e9e simplement aux parents d&rsquo;\u00e9l\u00e8ves comme une forme d&rsquo;\u00e9ducation qui vise \u00e0 transmettre des connaissances sur diff\u00e9rentes religions et \u00e0 favoriser la compr\u00e9hension et le respect des diverses croyances religieuses pr\u00e9sentes dans notre soci\u00e9t\u00e9. Elle offre une ouverture d&rsquo;esprit et une connaissance approfondie des diff\u00e9rentes croyances religieuses. Les enfants qui s&rsquo;inscrivent en culture religieuse ne peuvent se pr\u00e9parer aux sacrements. Elle est anim\u00e9e par les enseignantes.<\/p>\n<p>&nbsp;<\/p>\n<p>[\/et_pb_text][et_pb_text _builder_version=\u00a0\u00bb4.20.0&Prime; text_font=\u00a0\u00bbRubik|500|||||||\u00a0\u00bb text_font_size=\u00a0\u00bb16px\u00a0\u00bb text_line_height=\u00a0\u00bb2em\u00a0\u00bb header_font=\u00a0\u00bbAdvent Pro||||||||\u00a0\u00bb header_2_font=\u00a0\u00bbAdvent Pro||||||||\u00a0\u00bb header_2_text_color=\u00a0\u00bb#ef2181&Prime; header_2_font_size=\u00a0\u00bb40px\u00a0\u00bb header_2_line_height=\u00a0\u00bb1.4em\u00a0\u00bb header_5_font=\u00a0\u00bbRubik|700||on|||||\u00a0\u00bb header_5_text_color=\u00a0\u00bb#2b76df\u00a0\u00bb header_5_letter_spacing=\u00a0\u00bb5px\u00a0\u00bb header_5_line_height=\u00a0\u00bb1.5em\u00a0\u00bb text_orientation=\u00a0\u00bbcenter\u00a0\u00bb max_width=\u00a0\u00bb600px\u00a0\u00bb module_alignment=\u00a0\u00bbcenter\u00a0\u00bb text_line_height_last_edited=\u00a0\u00bboff|desktop\u00a0\u00bb global_colors_info=\u00a0\u00bb{}\u00a0\u00bb][\/et_pb_text][\/et_pb_column][\/et_pb_row][\/et_pb_section]<\/p>\n","protected":false},"excerpt":{"rendered":"<p>Notre projet d&rsquo;\u00e9cole &nbsp;Les 100 ans de l&rsquo;\u00e9cole En 2023, l&rsquo;\u00e9cole a f\u00eat\u00e9 ses 100 ans.\u00a0 A cette occasion, une grande f\u00eate \u00e9tait organis\u00e9e par l&rsquo;Apel et l&rsquo;Ogec le dimanche 11 juin 2023 \u00e0 partir de 10h30. Apr\u00e8s les discours officiels, une messe \u00e9tait prononc\u00e9e au sein de l&rsquo;\u00e9cole ainsi que la b\u00e9n\u00e9diction des classes [&hellip;]<\/p>\n","protected":false},"author":1,"featured_media":0,"parent":0,"menu_order":0,"comment_status":"closed","ping_status":"closed","template":"","meta":{"_et_pb_use_builder":"on","_et_pb_old_content":"","_et_gb_content_width":"","footnotes":""},"class_list":["post-3350","page","type-page","status-publish","hentry"],"_links":{"self":[{"href":"https:\/\/ecole-ndtreminou-plomeur.fr\/index.php?rest_route=\/wp\/v2\/pages\/3350","targetHints":{"allow":["GET"]}}],"collection":[{"href":"https:\/\/ecole-ndtreminou-plomeur.fr\/index.php?rest_route=\/wp\/v2\/pages"}],"about":[{"href":"https:\/\/ecole-ndtreminou-plomeur.fr\/index.php?rest_route=\/wp\/v2\/types\/page"}],"author":[{"embeddable":true,"href":"https:\/\/ecole-ndtreminou-plomeur.fr\/index.php?rest_route=\/wp\/v2\/users\/1"}],"replies":[{"embeddable":true,"href":"https:\/\/ecole-ndtreminou-plomeur.fr\/index.php?rest_route=%2Fwp%2Fv2%2Fcomments&post=3350"}],"version-history":[{"count":12,"href":"https:\/\/ecole-ndtreminou-plomeur.fr\/index.php?rest_route=\/wp\/v2\/pages\/3350\/revisions"}],"predecessor-version":[{"id":3931,"href":"https:\/\/ecole-ndtreminou-plomeur.fr\/index.php?rest_route=\/wp\/v2\/pages\/3350\/revisions\/3931"}],"wp:attachment":[{"href":"https:\/\/ecole-ndtreminou-plomeur.fr\/index.php?rest_route=%2Fwp%2Fv2%2Fmedia&parent=3350"}],"curies":[{"name":"wp","href":"https:\/\/api.w.org\/{rel}","templated":true}]}}